{"id":19,"date":"2019-11-27T14:47:19","date_gmt":"2019-11-27T14:47:19","guid":{"rendered":"http:\/\/villakaterina.codibee.solutions\/extra-page-one\/"},"modified":"2019-11-28T10:00:35","modified_gmt":"2019-11-28T10:00:35","slug":"recreation","status":"publish","type":"page","link":"https:\/\/www.villakaterina.gr\/de\/recreation","title":{"rendered":"Aktivit\u00e4ten"},"content":{"rendered":"<p>Urlaub in Paros ist viel mehr als nur Unterkunft in den griechischen Inseln. G\u00e4ste in der Villa Katerina Zimmer &amp;amp; Appartments haben eine Grosse Auswahl an Aktivit\u00e4ten. Unser gro\u00dfer Garten verf\u00fcgt \u00fcber einen Pool, Grill-und Essbereich sowie ein Spielbereich f\u00fcr Kinder. Der nahe gelegene Stadt-Strand (Kato Gialos), ist nur einen kurzen Spaziergang von Ihrer Unterkunft entfernt sowie auch die Promenade von Parikia mit ihreer Vielzahl von Caf\u00e9s, Bars, Gesch\u00e4ften und Restaurants.<\/p>\n<p>Ein herzliches Willkommen ist Ihnen \u00dcberall garantiert, aber besonders in der \u201cIstio\u201d Cafe Bar, im Besitz von Yannis, Katerina&#8217;s Ehemann. \u201cIstio\u201d ist auch ein gro\u00dfartiger Ort, um die spektakul\u00e4ren Sonnenunterg\u00e4nge von Paros bei ein oder zwei Drinks zu beobachten. Der Haupthafen Parikia ist ca. 500 m entfernt, von dem auch die kleinen Boote an die Str\u00e4nde von Krios und Marcello fahren. Ebenso befindet sich hier der Taxistand und die zentrale Busstation mit Bussen, die in die verschiedenen Orte fahren. Auto-und Fahrradverleih kann wie Tagesausfl\u00fcge mit dem Boot zu den benachbarten Inseln arrangiert werden. Fragen Sie einfach Yannis, der gerne helfen wird. Zu den nahegelegenen Sehensw\u00fcrdigkeiten z\u00e4hlen Cine Rex,das Freiluft Kino mit zwei n\u00e4chtlichen Vorf\u00fchrungen, und f\u00fcr sp\u00e4ter zahlreiche Bars.<\/p>","protected":false},"excerpt":{"rendered":"<p>Urlaub in Paros ist viel mehr als nur Unterkunft in den griechischen Inseln.<\/p>\n","protected":false},"author":1,"featured_media":47,"parent":0,"menu_order":0,"comment_status":"closed","ping_status":"closed","template":"","meta":{"footnotes":""},"class_list":["post-19","page","type-page","status-publish","has-post-thumbnail","hentry"],"_links":{"self":[{"href":"https:\/\/www.villakaterina.gr\/de\/wp-json\/wp\/v2\/pages\/19","targetHints":{"allow":["GET"]}}],"collection":[{"href":"https:\/\/www.villakaterina.gr\/de\/wp-json\/wp\/v2\/pages"}],"about":[{"href":"https:\/\/www.villakaterina.gr\/de\/wp-json\/wp\/v2\/types\/page"}],"author":[{"embeddable":true,"href":"https:\/\/www.villakaterina.gr\/de\/wp-json\/wp\/v2\/users\/1"}],"replies":[{"embeddable":true,"href":"https:\/\/www.villakaterina.gr\/de\/wp-json\/wp\/v2\/comments?post=19"}],"version-history":[{"count":1,"href":"https:\/\/www.villakaterina.gr\/de\/wp-json\/wp\/v2\/pages\/19\/revisions"}],"predecessor-version":[{"id":102,"href":"https:\/\/www.villakaterina.gr\/de\/wp-json\/wp\/v2\/pages\/19\/revisions\/102"}],"wp:featuredmedia":[{"embeddable":true,"href":"https:\/\/www.villakaterina.gr\/de\/wp-json\/wp\/v2\/media\/47"}],"wp:attachment":[{"href":"https:\/\/www.villakaterina.gr\/de\/wp-json\/wp\/v2\/media?parent=19"}],"curies":[{"name":"wp","href":"https:\/\/api.w.org\/{rel}","templated":true}]}}