{"id":21,"date":"2019-11-27T14:47:19","date_gmt":"2019-11-27T14:47:19","guid":{"rendered":"http:\/\/villakaterina.codibee.solutions\/extra-page-three\/"},"modified":"2020-02-14T11:32:05","modified_gmt":"2020-02-14T11:32:05","slug":"faq","status":"publish","type":"page","link":"https:\/\/www.villakaterina.gr\/fr\/faq","title":{"rendered":"FAQ"},"content":{"rendered":"<p>Les r\u00e9ponses questions sur la Villa Katerina \u00e0 Parikia sur l&rsquo;\u00eele de Paros afin de vous aider \u00e0 pr\u00e9parer votre voyage en Gr\u00e8ce.<\/p>\n<p>&nbsp;<\/p>\n<p><strong>Quelle est-la fr\u00e9quence du m\u00e9nage?<\/strong><\/p>\n<p>Le m\u00e9nage est effectu\u00e9 tous les jours, les draps sont chang\u00e9s tous les 3 jours, les serviettes tous les 2 jours.<\/p>\n<p>&nbsp;<\/p>\n<p><strong>Les animaux sont-ils accept\u00e9s?<\/strong><\/p>\n<p>Seulement sur demande pr\u00e9alable.<\/p>\n<p>&nbsp;<\/p>\n<p><strong>Acceptez-vous les cartes de cr\u00e9dit ?<\/strong><\/p>\n<p>Oui.<\/p>\n<p>&nbsp;<\/p>\n<p><strong>La Villa Katerina est-elle proche du centre ville ? Y a-t-il des plages \u00e0 proximit\u00e9?<\/strong><\/p>\n<p>La Villa Katerina est \u00e0 5mn \u00e0 pied du centre ville de Parikia, la capitale de l&rsquo;\u00eele de Paros.\u00a0La plage la plus pr\u00e8s est \u00e0 3-4 min \u00e0 pied, beaucoup d&rsquo;autres sont aussi facilement accessibles \u00e0 pied.<\/p>\n<p>&nbsp;<\/p>\n<p><strong>Comment rejoindre la Villa Katerina depuis le port ?<\/strong><\/p>\n<p>\u00c0 pied : suivez le front de mer jusqu&rsquo;\u00e0 la grosse \u00e9glise (zoodochos pigi), tourner \u00e0 droite puis tourner \u00e0 droite \u00e0 nouveau apr\u00e8s le parking, apr\u00e8s 100m la rue tourne \u00e0 gauche, vous y \u00eates.<br \/>\nEn taxi : 5 euros<\/p>\n<p>En bus : le bus municipal (vert) est gratuit, le terminus est juste \u00e0 c\u00f4t\u00e9 du port. Il vous faut descendre \u00e0 l&rsquo;arr\u00eat devant la boulangerie Aliprantis, en face du Cin\u00e9ma Rex, prendre la rue le long du cin\u00e9ma vers le parking sur 100m, tourner \u00e0 gauche juste avant celui-ci, continuer sur 100m, la rue tourne \u00e0 gauche, c&rsquo;est l\u00e0 !<\/p>\n<p>&nbsp;<\/p>\n<p><strong>Avez-vous des activit\u00e9s pour les enfants?<\/strong><\/p>\n<p>Une pataugeoire et un jardin.<br \/>\nLes lits-b\u00e9b\u00e9s sont fournis gratuitement.<\/p>","protected":false},"excerpt":{"rendered":"<p>Les r\u00e9ponses questions sur la Villa Katerina \u00e0 Parikia sur l&rsquo;\u00eele de Paros afin de vous aider \u00e0 pr\u00e9parer votre voyage en Gr\u00e8ce. &nbsp; Quelle est-la fr\u00e9quence du m\u00e9nage? Le m\u00e9nage est effectu\u00e9 tous les jours, les draps sont chang\u00e9s tous les 3 jours, les serviettes tous les 2 jours. &nbsp; Les animaux sont-ils accept\u00e9s? [&hellip;]<\/p>\n","protected":false},"author":1,"featured_media":37,"parent":0,"menu_order":0,"comment_status":"closed","ping_status":"closed","template":"","meta":{"footnotes":""},"class_list":["post-21","page","type-page","status-publish","has-post-thumbnail","hentry"],"_links":{"self":[{"href":"https:\/\/www.villakaterina.gr\/fr\/wp-json\/wp\/v2\/pages\/21","targetHints":{"allow":["GET"]}}],"collection":[{"href":"https:\/\/www.villakaterina.gr\/fr\/wp-json\/wp\/v2\/pages"}],"about":[{"href":"https:\/\/www.villakaterina.gr\/fr\/wp-json\/wp\/v2\/types\/page"}],"author":[{"embeddable":true,"href":"https:\/\/www.villakaterina.gr\/fr\/wp-json\/wp\/v2\/users\/1"}],"replies":[{"embeddable":true,"href":"https:\/\/www.villakaterina.gr\/fr\/wp-json\/wp\/v2\/comments?post=21"}],"version-history":[{"count":2,"href":"https:\/\/www.villakaterina.gr\/fr\/wp-json\/wp\/v2\/pages\/21\/revisions"}],"predecessor-version":[{"id":140,"href":"https:\/\/www.villakaterina.gr\/fr\/wp-json\/wp\/v2\/pages\/21\/revisions\/140"}],"wp:featuredmedia":[{"embeddable":true,"href":"https:\/\/www.villakaterina.gr\/fr\/wp-json\/wp\/v2\/media\/37"}],"wp:attachment":[{"href":"https:\/\/www.villakaterina.gr\/fr\/wp-json\/wp\/v2\/media?parent=21"}],"curies":[{"name":"wp","href":"https:\/\/api.w.org\/{rel}","templated":true}]}}